{"id":2035,"date":"2025-05-16T10:34:31","date_gmt":"2025-05-16T08:34:31","guid":{"rendered":"http:\/\/jhrendelo2.hu\/?page_id=2035"},"modified":"2025-05-16T10:40:57","modified_gmt":"2025-05-16T08:40:57","slug":"szervezeti-es-mukodesi-szabalyzat","status":"publish","type":"page","link":"https:\/\/janoshalma-rendelo.hu\/?page_id=2035","title":{"rendered":"Szervezeti \u00e9s M\u0171k\u00f6d\u00e9si Szab\u00e1lyzat"},"content":{"rendered":"\n\n\t<div class=\"_df_book df-lite\" id=\"df_2038\"  _slug=\"szmsz\" data-title=\"szmsz\" wpoptions=\"true\" thumbtype=\"\" ><\/div><script class=\"df-shortcode-script\" nowprocket type=\"application\/javascript\">window.option_df_2038 = {\"outline\":[],\"autoEnableOutline\":\"false\",\"autoEnableThumbnail\":\"false\",\"overwritePDFOutline\":\"false\",\"direction\":\"1\",\"pageSize\":\"0\",\"source\":\"http:\\\/\\\/jhrendelo2.hu\\\/wp-content\\\/uploads\\\/2025\\\/05\\\/janoshalma_SZMSZ.pdf\",\"wpOptions\":\"true\"}; if(window.DFLIP && window.DFLIP.parseBooks){window.DFLIP.parseBooks();}<\/script>\n\n","protected":false},"excerpt":{"rendered":"<div class=\"entry-summary\">\n<div class=\"link-more\"><a href=\"https:\/\/janoshalma-rendelo.hu\/?page_id=2035\" class=\"more-link\">Continue reading<span class=\"screen-reader-text\"> &ldquo;Szervezeti \u00e9s M\u0171k\u00f6d\u00e9si Szab\u00e1lyzat&rdquo;<\/span>&hellip;<\/a><\/div>\n<\/div>\n<div class=\"link-more\"><a href=\"https:\/\/janoshalma-rendelo.hu\/?page_id=2035\" class=\"more-link\">Continue reading<span class=\"screen-reader-text\"> &ldquo;Szervezeti \u00e9s M\u0171k\u00f6d\u00e9si Szab\u00e1lyzat&rdquo;<\/span>&hellip;<\/a><\/div>\n","protected":false},"author":1,"featured_media":0,"parent":0,"menu_order":0,"comment_status":"closed","ping_status":"closed","template":"","meta":{"footnotes":""},"class_list":["post-2035","page","type-page","status-publish","hentry","entry"],"_links":{"self":[{"href":"https:\/\/janoshalma-rendelo.hu\/index.php?rest_route=\/wp\/v2\/pages\/2035","targetHints":{"allow":["GET"]}}],"collection":[{"href":"https:\/\/janoshalma-rendelo.hu\/index.php?rest_route=\/wp\/v2\/pages"}],"about":[{"href":"https:\/\/janoshalma-rendelo.hu\/index.php?rest_route=\/wp\/v2\/types\/page"}],"author":[{"embeddable":true,"href":"https:\/\/janoshalma-rendelo.hu\/index.php?rest_route=\/wp\/v2\/users\/1"}],"replies":[{"embeddable":true,"href":"https:\/\/janoshalma-rendelo.hu\/index.php?rest_route=%2Fwp%2Fv2%2Fcomments&post=2035"}],"version-history":[{"count":2,"href":"https:\/\/janoshalma-rendelo.hu\/index.php?rest_route=\/wp\/v2\/pages\/2035\/revisions"}],"predecessor-version":[{"id":2041,"href":"https:\/\/janoshalma-rendelo.hu\/index.php?rest_route=\/wp\/v2\/pages\/2035\/revisions\/2041"}],"wp:attachment":[{"href":"https:\/\/janoshalma-rendelo.hu\/index.php?rest_route=%2Fwp%2Fv2%2Fmedia&parent=2035"}],"curies":[{"name":"wp","href":"https:\/\/api.w.org\/{rel}","templated":true}]}}