{"id":2015,"date":"2025-04-28T14:20:12","date_gmt":"2025-04-28T12:20:12","guid":{"rendered":"http:\/\/jhrendelo2.hu\/?page_id=2015"},"modified":"2025-04-28T14:21:57","modified_gmt":"2025-04-28T12:21:57","slug":"betegjogi-kepviselo","status":"publish","type":"page","link":"https:\/\/janoshalma-rendelo.hu\/?page_id=2015","title":{"rendered":"Betegjogi k\u00e9pvisel\u0151"},"content":{"rendered":"\n\n\t<p>Az int\u00e9zm\u00e9ny betegjogi k\u00e9pvisel\u0151je:<\/p>\n<h3>K\u00f6leszn\u00e9 Han\u00e1k Gabriella<\/h3>\n<p>Telefonsz\u00e1m: <strong>06-20\/48-99-551<\/strong><\/p>\nmelyen el\u00e9rhet\u0151<br \/>\n<strong>h\u00e9tf\u0151t\u0151l-cs\u00fct\u00f6rt\u00f6kig 8:00-16:30<\/strong>,<br \/>\n<strong>p\u00e9nteken 8:00-14:00<\/strong><br \/>\nk\u00f6z\u00f6tt.\n<p>Email c\u00edm: <a href=\"mailto:gabriella.hanak@ijsz.bm.gov.hu\" target=\"_blank\" rel=\"noopener\">gabriella.hanak@ijsz.bm.gov.hu<\/a><\/p>\n<p>A fenti el\u00e9rhet\u0151s\u00e9gek sikertelens\u00e9ge eset\u00e9n az IJSZ z\u00f6ldsz\u00e1ma h\u00edvhat\u00f3: 06-80\/620-055<\/p>\n\n","protected":false},"excerpt":{"rendered":"<div class=\"entry-summary\">\n<div class=\"entry-summary\">\nAz int\u00e9zm\u00e9ny betegjogi k\u00e9pvisel\u0151je: K\u00f6leszn\u00e9 Han\u00e1k Gabriella Telefonsz\u00e1m: 06-20\/48-99-551 melyen el\u00e9rhet\u0151 h\u00e9tf\u0151t\u0151l-cs\u00fct\u00f6rt\u00f6kig 8:00-16:30, p\u00e9nteken 8:00-14:00 k\u00f6z\u00f6tt. Email c\u00edm:&hellip;\n<\/div>\n<div class=\"link-more\"><a href=\"https:\/\/janoshalma-rendelo.hu\/?page_id=2015\" class=\"more-link\">Continue reading<span class=\"screen-reader-text\"> &ldquo;Betegjogi k\u00e9pvisel\u0151&rdquo;<\/span>&hellip;<\/a><\/div>\n<\/div>\n<div class=\"link-more\"><a href=\"https:\/\/janoshalma-rendelo.hu\/?page_id=2015\" class=\"more-link\">Continue reading<span class=\"screen-reader-text\"> &ldquo;Betegjogi k\u00e9pvisel\u0151&rdquo;<\/span>&hellip;<\/a><\/div>\n","protected":false},"author":1,"featured_media":0,"parent":0,"menu_order":0,"comment_status":"closed","ping_status":"closed","template":"","meta":{"footnotes":""},"class_list":["post-2015","page","type-page","status-publish","hentry","entry"],"_links":{"self":[{"href":"https:\/\/janoshalma-rendelo.hu\/index.php?rest_route=\/wp\/v2\/pages\/2015","targetHints":{"allow":["GET"]}}],"collection":[{"href":"https:\/\/janoshalma-rendelo.hu\/index.php?rest_route=\/wp\/v2\/pages"}],"about":[{"href":"https:\/\/janoshalma-rendelo.hu\/index.php?rest_route=\/wp\/v2\/types\/page"}],"author":[{"embeddable":true,"href":"https:\/\/janoshalma-rendelo.hu\/index.php?rest_route=\/wp\/v2\/users\/1"}],"replies":[{"embeddable":true,"href":"https:\/\/janoshalma-rendelo.hu\/index.php?rest_route=%2Fwp%2Fv2%2Fcomments&post=2015"}],"version-history":[{"count":2,"href":"https:\/\/janoshalma-rendelo.hu\/index.php?rest_route=\/wp\/v2\/pages\/2015\/revisions"}],"predecessor-version":[{"id":2018,"href":"https:\/\/janoshalma-rendelo.hu\/index.php?rest_route=\/wp\/v2\/pages\/2015\/revisions\/2018"}],"wp:attachment":[{"href":"https:\/\/janoshalma-rendelo.hu\/index.php?rest_route=%2Fwp%2Fv2%2Fmedia&parent=2015"}],"curies":[{"name":"wp","href":"https:\/\/api.w.org\/{rel}","templated":true}]}}