{"id":2005,"date":"2025-04-28T14:04:32","date_gmt":"2025-04-28T12:04:32","guid":{"rendered":"http:\/\/jhrendelo2.hu\/?page_id=2005"},"modified":"2025-04-28T14:12:37","modified_gmt":"2025-04-28T12:12:37","slug":"munkatarsaink","status":"publish","type":"page","link":"https:\/\/janoshalma-rendelo.hu\/?page_id=2005","title":{"rendered":"Munkat\u00e1rsaink"},"content":{"rendered":"\n\n\t<p><strong>K\u00f6zrem\u0171k\u00f6d\u0151 orvosok<\/strong><\/p>\n<table width=\"600\">\n<tbody>\n<tr>\n<td><strong>N\u00e9v<\/strong><\/td>\n<td><strong>Szakma<\/strong><\/td>\n<td><strong>Telefon<\/strong><\/td>\n<\/tr>\n<tr>\n<td>Dr. Ill\u00e9s J\u00e1nos<\/td>\n<td>urol\u00f3gus<\/td>\n<td>06-77\/502-957<\/td>\n<\/tr>\n<tr>\n<td>Dr. Szegi T\u00edmea<\/td>\n<td>neurol\u00f3gus<\/td>\n<td>06-77\/502-958<\/td>\n<\/tr>\n<tr>\n<td>Dr. Jeszenszky Val\u00e9ria<\/td>\n<td>reumatol\u00f3gus<\/td>\n<td>06-77\/502-957<\/td>\n<\/tr>\n<tr>\n<td>Dr. Kasza Attila<\/td>\n<td>radiol\u00f3gus<\/td>\n<td>06-77\/502-959<\/td>\n<\/tr>\n<tr>\n<td>Dr. Kazacsay L\u00e1szl\u00f3<\/td>\n<td>n\u0151gy\u00f3gy\u00e1sz<\/td>\n<td>06-77\/502-957<\/td>\n<\/tr>\n<tr>\n<td>Dr. Kellner M. Barnab\u00e1s<\/td>\n<td>n\u0151gy\u00f3gy\u00e1sz<\/td>\n<td>06-77\/502-957<\/td>\n<\/tr>\n<tr>\n<td>Dr. Kir\u00e1ly Ibolya<\/td>\n<td>belgy\u00f3gy\u00e1sz<\/td>\n<td>06-77\/502-955<\/td>\n<\/tr>\n<tr>\n<td>Dr. Kov\u00e1cs Tam\u00e1s<\/td>\n<td>belgy\u00f3gy\u00e1sz<\/td>\n<td>06-77\/502-955<\/td>\n<\/tr>\n<tr>\n<td>Dr. Papp L\u00e1szl\u00f3<\/td>\n<td>seb\u00e9sz<\/td>\n<td>06-77\/502-954<\/td>\n<\/tr>\n<tr>\n<td>Dr. R\u00e1cz-Nagy \u00c1gnes<\/td>\n<td>pszichol\u00f3gus<\/td>\n<td>06-77\/502-958<\/td>\n<\/tr>\n<tr>\n<td>Dr. Tak\u00e1cs Katalin<\/td>\n<td>reumatol\u00f3gus<\/td>\n<td>06-77\/502-961<\/td>\n<\/tr>\n<tr>\n<td>Dr. Urfi L\u00e1szl\u00f3<\/td>\n<td>traumatol\u00f3gus<\/td>\n<td>06-77\/502-954<\/td>\n<\/tr>\n<tr>\n<td>Dr. Jaros Katarina<\/td>\n<td>szem\u00e9sz<\/td>\n<td>06-77\/502-956<\/td>\n<\/tr>\n<\/tbody>\n<\/table>\n<p>&nbsp;<\/p>\n<p><strong>Gy\u00f3gytorn\u00e1szok \u00e9s gy\u00f3gymassz\u0151r\u00f6k<\/strong><\/p>\n<table>\n<tbody>\n<tr>\n<td><strong>N\u00e9v<\/strong><\/td>\n<td><strong>Beoszt\u00e1s<\/strong><\/td>\n<\/tr>\n<tr>\n<td>De\u00e1kfalvin\u00e9 Ferenczi Andrea<\/td>\n<td>gy\u00f3gytorn\u00e1sz<\/td>\n<\/tr>\n<tr>\n<td>Horv\u00e1th N\u00f3ra (GYES)<\/td>\n<td>gy\u00f3gytorn\u00e1sz<\/td>\n<\/tr>\n<tr>\n<td>Onoz\u00f3 N\u00f3ra<\/td>\n<td>gy\u00f3gytorn\u00e1sz<\/td>\n<\/tr>\n<tr>\n<td>Balog-Hunyadi Enik\u0151 (GYES)<\/td>\n<td>gy\u00f3gytorn\u00e1sz<\/td>\n<\/tr>\n<tr>\n<td>Szaniszl\u00f3 Nikoletta<\/td>\n<td>gy\u00f3gytorn\u00e1sz<\/td>\n<\/tr>\n<\/tbody>\n<\/table>\n<p>&nbsp;<\/p>\n<p><strong>Eg\u00e9szs\u00e9gfejleszt\u00e9si munkat\u00e1rsak<\/strong><\/p>\n<table>\n<tbody>\n<tr>\n<td><strong>N\u00e9v<\/strong><\/td>\n<td><strong>Beoszt\u00e1s<\/strong><\/td>\n<td><strong>Telefon<\/strong><\/td>\n<\/tr>\n<tr>\n<td>dr. Horv\u00e1th Endre<\/td>\n<td>Eg\u00e9szs\u00e9gfejleszt\u00e9si szakmai vezet\u0151<\/td>\n<td>06-77\/502-950<\/td>\n<\/tr>\n<tr>\n<td>Mester Anaszt\u00e1zia<\/td>\n<td>Eg\u00e9szs\u00e9gfejleszt\u00e9si munkat\u00e1rs<\/td>\n\n<\/tr>\n<\/tbody>\n<\/table>\n<p>&nbsp;<\/p>\n<p><strong>Asszisztensek<\/strong><\/p>\n<table width=\"536\">\n<tbody>\n<tr>\n<td><strong>N\u00e9v<\/strong><\/td>\n<td><strong>Beoszt\u00e1s<\/strong><\/td>\n<td><strong>Telefon<\/strong><\/td>\n<\/tr>\n<tr>\n<td>Prikid\u00e1novics-Bob\u00e1r Gabriella<\/td>\n<td>\u00e1pol\u00f3<\/td>\n<td>06-77\/502-955<\/td>\n<\/tr>\n<tr>\n<td>Morovny\u00e1n M\u00e1ria<\/td>\n<td>\u00e1pol\u00f3<\/td>\n<td>06-77\/502-955<\/td>\n<\/tr>\n<tr>\n<td>Farkas Annam\u00e1ria<\/td>\n<td>r\u00f6ntgen asszisztens<\/td>\n\n<\/tr>\n<tr>\n<td>K\u00e9fer T\u00edmea<\/td>\n<td>\u00e1pol\u00f3<\/td>\n\n<\/tr>\n<tr>\n<td>P\u00e1sztor L\u00e1szl\u00f3n\u00e9<\/td>\n<td>recepci\u00f3<\/td>\n<td>06-77\/502-960<\/td>\n<\/tr>\n<tr>\n<td>Szab\u00f3 T\u00fcnde Katalin<\/td>\n<td>recepci\u00f3<\/td>\n<td>06-77\/502-950<\/td>\n<\/tr>\n<tr>\n<td>Rom\u00e1n Rita<\/td>\n<td>\u00e1pol\u00f3<\/td>\n\n<\/tr>\n<\/tbody>\n<\/table>\n<p>&nbsp;<\/p>\n<p><strong>Higi\u00e9niai csoport<\/strong><\/p>\n<table width=\"127\">\n<tbody>\n<tr>\n<td><strong>N\u00e9v<\/strong><\/td>\n<\/tr>\n<tr>\n<td>Szab\u00f3 Roz\u00e1lia<\/td>\n<\/tr>\n<tr>\n<td>Simon J\u00f3zsef R\u00f3bertn\u00e9<\/td>\n<\/tr>\n<\/tbody>\n<\/table>\n\n","protected":false},"excerpt":{"rendered":"<div class=\"entry-summary\">\n<div class=\"entry-summary\">\nK\u00f6zrem\u0171k\u00f6d\u0151 orvosok N\u00e9v Szakma Telefon Dr. Ill\u00e9s J\u00e1nos urol\u00f3gus 06-77\/502-957 Dr. Szegi T\u00edmea neurol\u00f3gus 06-77\/502-958 Dr. Jeszenszky Val\u00e9ria&hellip;\n<\/div>\n<div class=\"link-more\"><a href=\"https:\/\/janoshalma-rendelo.hu\/?page_id=2005\" class=\"more-link\">Continue reading<span class=\"screen-reader-text\"> &ldquo;Munkat\u00e1rsaink&rdquo;<\/span>&hellip;<\/a><\/div>\n<\/div>\n<div class=\"link-more\"><a href=\"https:\/\/janoshalma-rendelo.hu\/?page_id=2005\" class=\"more-link\">Continue reading<span class=\"screen-reader-text\"> &ldquo;Munkat\u00e1rsaink&rdquo;<\/span>&hellip;<\/a><\/div>\n","protected":false},"author":1,"featured_media":0,"parent":0,"menu_order":0,"comment_status":"closed","ping_status":"closed","template":"","meta":{"footnotes":""},"class_list":["post-2005","page","type-page","status-publish","hentry","entry"],"_links":{"self":[{"href":"https:\/\/janoshalma-rendelo.hu\/index.php?rest_route=\/wp\/v2\/pages\/2005","targetHints":{"allow":["GET"]}}],"collection":[{"href":"https:\/\/janoshalma-rendelo.hu\/index.php?rest_route=\/wp\/v2\/pages"}],"about":[{"href":"https:\/\/janoshalma-rendelo.hu\/index.php?rest_route=\/wp\/v2\/types\/page"}],"author":[{"embeddable":true,"href":"https:\/\/janoshalma-rendelo.hu\/index.php?rest_route=\/wp\/v2\/users\/1"}],"replies":[{"embeddable":true,"href":"https:\/\/janoshalma-rendelo.hu\/index.php?rest_route=%2Fwp%2Fv2%2Fcomments&post=2005"}],"version-history":[{"count":2,"href":"https:\/\/janoshalma-rendelo.hu\/index.php?rest_route=\/wp\/v2\/pages\/2005\/revisions"}],"predecessor-version":[{"id":2008,"href":"https:\/\/janoshalma-rendelo.hu\/index.php?rest_route=\/wp\/v2\/pages\/2005\/revisions\/2008"}],"wp:attachment":[{"href":"https:\/\/janoshalma-rendelo.hu\/index.php?rest_route=%2Fwp%2Fv2%2Fmedia&parent=2005"}],"curies":[{"name":"wp","href":"https:\/\/api.w.org\/{rel}","templated":true}]}}