{"id":1992,"date":"2025-04-28T13:45:40","date_gmt":"2025-04-28T11:45:40","guid":{"rendered":"http:\/\/jhrendelo2.hu\/?page_id=1992"},"modified":"2025-04-28T13:58:39","modified_gmt":"2025-04-28T11:58:39","slug":"az-intezmeny-bemutatasa","status":"publish","type":"page","link":"https:\/\/janoshalma-rendelo.hu\/?page_id=1992","title":{"rendered":"Az int\u00e9zm\u00e9ny bemutat\u00e1sa"},"content":{"rendered":"\n\n<p>A <strong>J\u00e1noshalmi J\u00e1r\u00f3beteg-Szakell\u00e1t\u00f3 K\u00f6zpont<\/strong> hat szomsz\u00e9dos telep\u00fcl\u00e9s \u00f6sszefog\u00e1s\u00e1nak eredm\u00e9nyek\u00e9ppen val\u00f3sulhatott meg, a t\u00e9rs\u00e9g eddigi egyik legkomolyabb beruh\u00e1z\u00e1sak\u00e9nt. <strong>Borota, Haj\u00f3s, K\u00e9leshalom, M\u00e9lyk\u00fat, R\u00e9m \u00e9s J\u00e1noshalma<\/strong> telep\u00fcl\u00e9sek vezet\u0151inek az volt a c\u00e9lja, hogy a k\u00f6rny\u00e9ken \u00e9l\u0151, \u00f6sszesen 22 ezer lakosnak megoldj\u00e1k magas sz\u00ednvonal\u00fa, \u00e9s 20 percen bel\u00fcl el\u00e9rhet\u0151 orvosi szakell\u00e1t\u00e1s\u00e1t. Kor\u00e1bban ugyanis az itt \u00e9l\u0151 embereknek ak\u00e1r t\u00f6bb \u00f3r\u00e1t is utaznia kellett az\u00e9rt, hogy megfelel\u0151 orvosi kezel\u00e9st kaphassanak.<\/p>\nAz \u00f6sszefog\u00e1s els\u0151 l\u00e9p\u00e9sek\u00e9nt az eml\u00edtett hat telep\u00fcl\u00e9s test\u00fclete 2008. febru\u00e1rj\u00e1ban meg\u00e1llapodott abban, hogy egy 100%-os \u00f6nkorm\u00e1nyzati tulajdon\u00fa nonprofit gazdas\u00e1gi t\u00e1rsas\u00e1got hoz l\u00e9tre j\u00e1noshalmi sz\u00e9khellyel, a megval\u00f3s\u00edt\u00e1s, a fenntart\u00e1s \u00e9s a m\u0171k\u00f6dtet\u00e9s c\u00e9lj\u00e1b\u00f3l. Ezt k\u00f6vet\u0151en d\u00f6nt\u00f6tt a j\u00e1noshalmi test\u00fclet a projekt megval\u00f3s\u00edt\u00e1s\u00e1nak helysz\u00edn\u00e9r\u0151l.<br \/>\nEbben meghat\u00e1roz\u00f3 t\u00e9nyez\u0151 volt, hogy a szakell\u00e1t\u00f3 megk\u00f6zel\u00edt\u0151leg ugyanolyan t\u00e1vols\u00e1gra legyen a k\u00e9t J\u00e1noshalm\u00e1n m\u0171k\u00f6d\u0151 gy\u00f3gyszert\u00e1rt\u00f3l, k\u00f6zel legyen az oktat\u00e1si int\u00e9zm\u00e9nyekhez a gyermekek v\u00e9delm\u00e9ben, illetve a k\u00f6rnyez\u0151 telep\u00fcl\u00e9sek lak\u00f3inak k\u00e9nyelme \u00e9rdek\u00e9ben ne essen messze a helyi vas\u00fati-, illetve buszp\u00e1lyaudvart\u00f3l.<br \/>\nA J\u00e1noshalmi \u00d6nkorm\u00e1nyzati Hivatal \u00e1ltal beny\u00fajtott p\u00e1ly\u00e1zatot m\u00e1r a kezdetekt\u0151l t\u00e1mogatta a B\u00e1cs-Kiskun Megyei \u00d6nkorm\u00e1nyzat is, nagyban seg\u00edtve annak sikeres elb\u00edr\u00e1l\u00e1s\u00e1t.\n<p>2009 m\u00e1jus\u00e1ban megkezd\u0151d\u00f6tt az \u00e9p\u00edt\u00e9si telken \u00e1ll\u00f3 r\u00e9gi \u00e9p\u00fclet bont\u00e1sa, majd 2009 tavasz\u00e1n \u00edr\u00f3dott ki az \u00e9p\u00edt\u00e9sre vonatkoz\u00f3 k\u00f6zbeszerz\u00e9si elj\u00e1r\u00e1s. A legkedvez\u0151bb aj\u00e1nlatot a kiskunhalasi sz\u00e9khely\u0171 Modinvest Kft. ny\u00fajtotta be, elnyerve ezzel a kivitelez\u0151 c\u00e9g feladat\u00e1t, majd elkezd\u0151d\u00f6tt az \u00e9p\u00edtkez\u00e9s.<\/p>\n<p><strong>A beruh\u00e1z\u00e1s \u00f6sszk\u00f6lts\u00e9ge \u00f6sszesen 904.796.878 forint<\/strong>, <strong>melynek 95%-a az elnyert, vissza nem t\u00e9r\u00edtend\u0151 t\u00e1mogat\u00e1s.<\/strong> J\u00e1noshalma V\u00e1ros \u00d6nkorm\u00e1nyzat\u00e1nak saj\u00e1t \u00f6nerej\u0171 t\u00e1mogat\u00e1sa az \u00e9p\u00edt\u00e9si telken k\u00edv\u00fcl <strong>40.539.860 forint<\/strong>. Az int\u00e9zm\u00e9ny mind \u00e9p\u00edt\u00e9szeti, mind eszk\u00f6z oldali megk\u00f6zel\u00edt\u00e9sb\u0151l a legkorszer\u0171bbnek mondhat\u00f3, \u00e9s az \u00e9p\u00fclet teljes k\u00f6r\u0171 akad\u00e1lymentes\u00edt\u00e9ssel \u00e9p\u00fclt meg.<\/p>\n<h3>\u00c1ltal\u00e1nos inform\u00e1ci\u00f3k<\/h3>\nA J\u00e1noshalmi J\u00e1r\u00f3beteg-Szakell\u00e1t\u00f3 K\u00f6zpont hat szomsz\u00e9dos telep\u00fcl\u00e9s, <strong>Borota, Haj\u00f3s, K\u00e9leshalom, M\u00e9lyk\u00fat, R\u00e9m \u00e9s J\u00e1noshalma<\/strong> \u00f6sszefog\u00e1s\u00e1nak eredm\u00e9nyek\u00e9ppen val\u00f3sult meg.<br \/>\nA c\u00e9l az volt, hogy a k\u00f6rny\u00e9ken \u00e9l\u0151, \u00f6sszesen <strong>22 ezer lakosnak<\/strong> megoldj\u00e1k magas sz\u00ednvonal\u00fa, \u00e9s<strong> 20 percen bel\u00fcl el\u00e9rhet\u0151<\/strong> orvosi szakell\u00e1t\u00e1s\u00e1t.<br \/>\nA Szakrendel\u0151\u00a0<strong>200 \u00f3ra szakorvosi \u00e9s 60 nem-szakorvosi <\/strong>\u00f3r\u00e1ban v\u00e1rja a k\u00f6rnyez\u0151 telep\u00fcl\u00e9sek gy\u00f3gyulni v\u00e1gy\u00f3 lakosait.\n<p>Gy\u00f6ny\u00f6r\u0171en fel\u00faj\u00edtott szakrendel\u0151nkben kult\u00far\u00e1lt k\u00f6rnyezetben, l\u00e9gkondicion\u00e1lt v\u00e1r\u00f3kkal \u00e9s rendel\u0151kkel, kiv\u00e1l\u00f3 m\u0171szerekkel, vizsg\u00e1l\u00f3 eszk\u00f6z\u00f6kkel j\u00f3l k\u00e9pzett szakorvosokkal \u00e9s szakdolgoz\u00f3kkal biztos\u00edtjuk az ell\u00e1t\u00e1st. A j\u00f3 t\u00f6megk\u00f6zleked\u00e9si lehet\u0151s\u00e9gek mellett ingyenes parkol\u00f3 \u00e1ll p\u00e1cienseink rendelkez\u00e9s\u00e9re, mozg\u00e1skorl\u00e1tozottak akad\u00e1lymentesen el\u00e9rhetik szolg\u00e1ltat\u00e1sainkat.<\/p>\n<h3>Betegir\u00e1ny\u00edt\u00e1s<\/h3>\nInt\u00e9zet\u00fcnkben <strong>k\u00f6zponti informatikai rendszert<\/strong> hoztunk l\u00e9tre, amelynek a betegell\u00e1t\u00e1st, munkaszervez\u00e9st seg\u00edt\u0151 integr\u00e1ns r\u00e9sze a betegir\u00e1ny\u00edt\u00f3.<br \/>\nA<strong>z els\u0151 emeleten \u00a0fogad\u00f3-munkahelyn\u00e9l<\/strong> munkat\u00e1rsaink a p\u00e1ciens adatainak r\u00f6gz\u00edt\u00e9s\u00e9t k\u00f6vet\u0151en a k\u00edv\u00e1nt szolg\u00e1ltat\u00f3 helyre ir\u00e1ny\u00edtj\u00e1k a k\u00e9r\u00e9st, vagy id\u0151pontot egyeztetve el\u0151jegyz\u00e9st adnak.\u00a0 A rendel\u0151kben a v\u00e1rakoz\u00e1si, el\u0151jegyz\u00e9si list\u00e1k azonnal megjelennek. A szem\u00e9lyi adatok r\u00f6gz\u00edt\u00e9se nem vesz el a vizsg\u00e1lati, kezel\u00e9si id\u0151b\u0151l, a beutal\u00f3k, receptek \u00edr\u00e1sa is meggyorsul.\n<p>A betegek beh\u00edv\u00e1sa nem \u00e9rkez\u00e9si sorrendben, hanem az<strong> el\u0151jegyzett id\u0151pont alapj\u00e1n<\/strong> t\u00f6rt\u00e9nik.<\/p>\n<p>A betegir\u00e1ny\u00edt\u00f3 munkat\u00e1rsai inform\u00e1ci\u00f3t ny\u00fajtanak a rendel\u00e9sek ig\u00e9nybev\u00e9tel\u00e9nek lehet\u0151s\u00e9geir\u0151l, idej\u00e9r\u0151l, hely\u00e9r\u0151l, a v\u00e1rakoz\u00f3k sz\u00e1m\u00e1r\u00f3l. Nem lehet feladatuk orvosi tan\u00e1cs ad\u00e1sa, nem jogosultak s\u00fcrg\u0151ss\u00e9gi k\u00e9r\u00e9s elb\u00edr\u00e1l\u00e1s\u00e1ra, ezeket a k\u00e9r\u00e9seket tov\u00e1bb\u00edtj\u00e1k. Munk\u00e1jukat jogszab\u00e1lyokon alapul\u00f3 int\u00e9zeti szab\u00e1lyzat hat\u00e1rozza meg, melyet nem szeghetnek meg. Term\u00e9szetesen nincs betekint\u00e9s\u00fck a k\u00f3rlapokba, \u00edgy vizsg\u00e1lati eredm\u00e9nyr\u0151l, leletr\u0151l, v\u00e9lem\u00e9nyr\u0151l sem adhatnak felvil\u00e1gos\u00edt\u00e1st. Jogosults\u00e1gaikat meghalad\u00f3 feladatokat el kell utas\u00edtaniuk.<\/p>\n<h3>Beutal\u00e1s rendje<\/h3>\n<p>A beutal\u00e1s rendj\u00e9t, az ig\u00e9nybevehet\u0151 eg\u00e9szs\u00e9g\u00fcgyi ell\u00e1t\u00e1s m\u00f3dj\u00e1t az 1997. \u00e9vi LXXXIII. T\u00f6rv\u00e9ny a k\u00f6telez\u0151 eg\u00e9szs\u00e9gbiztos\u00edt\u00e1s ell\u00e1t\u00e1sair\u00f3l, egys\u00e9ges szerkezetben a v\u00e9grehajt\u00e1sr\u00f3l sz\u00f3l\u00f3 217\/1997. (XII.l.) Korm. rendelet szab\u00e1lyozza. Az egyes oszt\u00e1lyok honlapj\u00e1n jelezz\u00fck a beutal\u00f3 sz\u00fcks\u00e9gess\u00e9g\u00e9t. Beutal\u00f3 hi\u00e1ny\u00e1ban a beutal\u00f3 k\u00f6teles oszt\u00e1lyok csak t\u00e9r\u00edt\u00e9si d\u00edj ellen\u00e9ben tudj\u00e1k fogadni a betegeket.<\/p>\n<p>&nbsp;<\/p>\n\n","protected":false},"excerpt":{"rendered":"<div class=\"entry-summary\">\n<div class=\"entry-summary\">\nA J\u00e1noshalmi J\u00e1r\u00f3beteg-Szakell\u00e1t\u00f3 K\u00f6zpont hat szomsz\u00e9dos telep\u00fcl\u00e9s \u00f6sszefog\u00e1s\u00e1nak eredm\u00e9nyek\u00e9ppen val\u00f3sulhatott meg, a t\u00e9rs\u00e9g eddigi egyik legkomolyabb beruh\u00e1z\u00e1sak\u00e9nt. Borota,&hellip;\n<\/div>\n<div class=\"link-more\"><a href=\"https:\/\/janoshalma-rendelo.hu\/?page_id=1992\" class=\"more-link\">Continue reading<span class=\"screen-reader-text\"> &ldquo;Az int\u00e9zm\u00e9ny bemutat\u00e1sa&rdquo;<\/span>&hellip;<\/a><\/div>\n<\/div>\n<div class=\"link-more\"><a href=\"https:\/\/janoshalma-rendelo.hu\/?page_id=1992\" class=\"more-link\">Continue reading<span class=\"screen-reader-text\"> &ldquo;Az int\u00e9zm\u00e9ny bemutat\u00e1sa&rdquo;<\/span>&hellip;<\/a><\/div>\n","protected":false},"author":1,"featured_media":0,"parent":0,"menu_order":0,"comment_status":"closed","ping_status":"closed","template":"","meta":{"footnotes":""},"class_list":["post-1992","page","type-page","status-publish","hentry","entry"],"_links":{"self":[{"href":"https:\/\/janoshalma-rendelo.hu\/index.php?rest_route=\/wp\/v2\/pages\/1992","targetHints":{"allow":["GET"]}}],"collection":[{"href":"https:\/\/janoshalma-rendelo.hu\/index.php?rest_route=\/wp\/v2\/pages"}],"about":[{"href":"https:\/\/janoshalma-rendelo.hu\/index.php?rest_route=\/wp\/v2\/types\/page"}],"author":[{"embeddable":true,"href":"https:\/\/janoshalma-rendelo.hu\/index.php?rest_route=\/wp\/v2\/users\/1"}],"replies":[{"embeddable":true,"href":"https:\/\/janoshalma-rendelo.hu\/index.php?rest_route=%2Fwp%2Fv2%2Fcomments&post=1992"}],"version-history":[{"count":2,"href":"https:\/\/janoshalma-rendelo.hu\/index.php?rest_route=\/wp\/v2\/pages\/1992\/revisions"}],"predecessor-version":[{"id":1995,"href":"https:\/\/janoshalma-rendelo.hu\/index.php?rest_route=\/wp\/v2\/pages\/1992\/revisions\/1995"}],"wp:attachment":[{"href":"https:\/\/janoshalma-rendelo.hu\/index.php?rest_route=%2Fwp%2Fv2%2Fmedia&parent=1992"}],"curies":[{"name":"wp","href":"https:\/\/api.w.org\/{rel}","templated":true}]}}