{"id":1986,"date":"2025-04-28T10:49:34","date_gmt":"2025-04-28T08:49:34","guid":{"rendered":"http:\/\/jhrendelo2.hu\/?page_id=1986"},"modified":"2025-04-28T14:04:03","modified_gmt":"2025-04-28T12:04:03","slug":"kozponti-igazgatas","status":"publish","type":"page","link":"https:\/\/janoshalma-rendelo.hu\/?page_id=1986","title":{"rendered":"K\u00f6zponti igazgat\u00e1s"},"content":{"rendered":"\n\n\t<h4><strong>J\u00e1noshalmi Eg\u00e9szs\u00e9gk\u00f6zpont<\/strong><\/h4>\n<p><strong>6440 J\u00e1noshalma, Pet\u0151fi S\u00e1ndor u. 1.<\/strong><\/p>\n<hr \/>\n<h4><strong>Int\u00e9zm\u00e9nyvezet\u0151:<br \/>\n<\/strong><strong>Dr. Horv\u00e1th Endre<\/strong><\/h4>\n<strong>Vezet\u0151 asszisztens:<\/strong><br \/>\nK\u00e9fer T\u00edmea<br \/>\nTelefon: 06-77\/502-952\n<strong>Gazdas\u00e1gi Iroda munkat\u00e1rsak:<\/strong><br \/>\nFicsorn\u00e9 S\u00e1f\u00e1r Anett<br \/>\nFajszin\u00e9 Horv\u00e1th Bernadett\n<strong>Gazdas\u00e1gi Iroda el\u00e9rhet\u0151s\u00e9gei:<\/strong><br \/>\nTelefon: 06-77\/502-952<br \/>\nFax: 06-77\/502-953<br \/>\nE-mail: <a href=\"mailto:rendelo.jhek@jhrendelo.hu\" target=\"_blank\" rel=\"noopener\">rendelo.jhek@jhrendelo.hu<\/a>\n\n","protected":false},"excerpt":{"rendered":"<div class=\"entry-summary\">\n<div class=\"entry-summary\">\nJ\u00e1noshalmi Eg\u00e9szs\u00e9gk\u00f6zpont 6440 J\u00e1noshalma, Pet\u0151fi S\u00e1ndor u. 1. Int\u00e9zm\u00e9nyvezet\u0151: Dr. Horv\u00e1th Endre Vezet\u0151 asszisztens: K\u00e9fer T\u00edmea Telefon: 06-77\/502-952&hellip;\n<\/div>\n<div class=\"link-more\"><a href=\"https:\/\/janoshalma-rendelo.hu\/?page_id=1986\" class=\"more-link\">Continue reading<span class=\"screen-reader-text\"> &ldquo;K\u00f6zponti igazgat\u00e1s&rdquo;<\/span>&hellip;<\/a><\/div>\n<\/div>\n<div class=\"link-more\"><a href=\"https:\/\/janoshalma-rendelo.hu\/?page_id=1986\" class=\"more-link\">Continue reading<span class=\"screen-reader-text\"> &ldquo;K\u00f6zponti igazgat\u00e1s&rdquo;<\/span>&hellip;<\/a><\/div>\n","protected":false},"author":1,"featured_media":0,"parent":0,"menu_order":0,"comment_status":"closed","ping_status":"closed","template":"","meta":{"footnotes":""},"class_list":["post-1986","page","type-page","status-publish","hentry","entry"],"_links":{"self":[{"href":"https:\/\/janoshalma-rendelo.hu\/index.php?rest_route=\/wp\/v2\/pages\/1986","targetHints":{"allow":["GET"]}}],"collection":[{"href":"https:\/\/janoshalma-rendelo.hu\/index.php?rest_route=\/wp\/v2\/pages"}],"about":[{"href":"https:\/\/janoshalma-rendelo.hu\/index.php?rest_route=\/wp\/v2\/types\/page"}],"author":[{"embeddable":true,"href":"https:\/\/janoshalma-rendelo.hu\/index.php?rest_route=\/wp\/v2\/users\/1"}],"replies":[{"embeddable":true,"href":"https:\/\/janoshalma-rendelo.hu\/index.php?rest_route=%2Fwp%2Fv2%2Fcomments&post=1986"}],"version-history":[{"count":3,"href":"https:\/\/janoshalma-rendelo.hu\/index.php?rest_route=\/wp\/v2\/pages\/1986\/revisions"}],"predecessor-version":[{"id":2004,"href":"https:\/\/janoshalma-rendelo.hu\/index.php?rest_route=\/wp\/v2\/pages\/1986\/revisions\/2004"}],"wp:attachment":[{"href":"https:\/\/janoshalma-rendelo.hu\/index.php?rest_route=%2Fwp%2Fv2%2Fmedia&parent=1986"}],"curies":[{"name":"wp","href":"https:\/\/api.w.org\/{rel}","templated":true}]}}