{"id":1882,"date":"2016-02-28T12:56:03","date_gmt":"2016-02-28T11:56:03","guid":{"rendered":"http:\/\/themedemos.webmandesign.eu\/polyclinic\/?page_id=1882"},"modified":"2025-07-03T08:11:27","modified_gmt":"2025-07-03T06:11:27","slug":"homepage-modern","status":"publish","type":"page","link":"https:\/\/janoshalma-rendelo.hu\/","title":{"rendered":"J\u00e1noshalmi Eg\u00e9szs\u00e9gk\u00f6zpont"},"content":{"rendered":"\n\n\t<p><strong>\u00dcdv\u00f6z\u00f6lj\u00fck <\/strong><\/p>\n<p>a J\u00e1noshalmi Eg\u00e9szs\u00e9gk\u00f6zpont<\/p>\n<p>weboldal\u00e1n!<\/p>\n<a href=\"?page_id=2026\" class=\"wm-button color-error size-large button\"><span class=\"icon-ambulance\" aria-hidden=\"true\"> <\/span>El\u00e9rhet\u0151s\u00e9g<\/a><a href=\"?page_id=1965\" class=\"wm-button size-large button\"><span class=\"icon-medical-outpatient\" aria-hidden=\"true\"> <\/span>Szakrendel\u00e9sek<\/a><a href=\"?page_id=1992\" class=\"wm-button size-large button\"><span class=\"icon-medical-registration\" aria-hidden=\"true\"> <\/span>Int\u00e9zm\u00e9ny\u00fcnkr\u0151l<\/a><h2>\n\t\t\t\u00dcdv\u00f6z\u00f6lj\u00fck weboldalunkon!\t<\/h2>\n\t<p>\u00dcdv\u00f6z\u00f6lj\u00fck a J\u00e1noshalmai J\u00e1r\u00f3beteg-szakell\u00e1t\u00f3 weboldal\u00e1n! Honlapunkon megtal\u00e1lhat\u00f3k az int\u00e9zm\u00e9ny\u00fcnkben el\u00e9rhet\u0151 szakrendel\u00e9sek, az orvosaink rendel\u00e9si ideje, valamint a bejelentkez\u00e9shez sz\u00fcks\u00e9ges inform\u00e1ci\u00f3k. Emellett t\u00e1j\u00e9koz\u00f3dhat az aktu\u00e1lis h\u00edrekr\u0151l, eg\u00e9szs\u00e9g\u00fcgyi tan\u00e1csokr\u00f3l \u00e9s a legfontosabb tudnival\u00f3kr\u00f3l a szolg\u00e1ltat\u00e1sainkkal kapcsolatban. Online el\u00e9rhet\u0151 dokumentumaink \u00e9s gyakran ism\u00e9telt k\u00e9rd\u00e9seink seg\u00edtik a k\u00f6nnyebb \u00fcgyint\u00e9z\u00e9st. L\u00e1togasson el hozz\u00e1nk, \u00e9s ismerje meg j\u00e1r\u00f3beteg-szakell\u00e1t\u00f3nk teljes k\u00f6r\u0171 szolg\u00e1ltat\u00e1sait!<\/p>\n\t\t\t<a href=\"\" target=\"_self\">\n\t\t\t\t\t\t\tSzakrendel\u00e9sek megtekint\u00e9se\n\t\t\t\t\t<\/a>\n\t\t\t<a href=\"\" target=\"_self\">\n\t\t\t\t\t\t\tKapcsolatfelv\u00e9tel az int\u00e9zm\u00e9nnyel\n\t\t\t\t\t<\/a>\n<hr class=\"wm-divider type-line\" \/>\n\t<h2>Szolg\u00e1ltat\u00e1saink<\/h2>\n<p>Tekintse meg szolg\u00e1ltat\u00e1sainkat. Orvosl\u00e1s, eg\u00e9szs\u00e9gfejleszt\u00e9s, tan\u00e1csad\u00e1s, hogy biztosan megtal\u00e1lja, amire sz\u00fcks\u00e9ge van.<\/p>\n<div class=\"wm-content-module wm-posts-wrap clearfix wm-content-module-singular\"><div class=\"wm-content-module-item wm-content-module-item-326 wm-iconbox-module has-color has-background\"><div class=\"wm-content-module-element wm-html-element image image-container font-icon\" style=\"background-color: #0779bb\"><span class=\"icon-medical-first-aid\" aria-hidden=\"true\" style=\"color: #ffffff\"><\/span><span class=\"screen-reader-text\">Gy\u00f3gy\u00edt\u00e1s<\/span><\/div><div class=\"wm-content-module-element wm-html-element title\"><h3>Gy\u00f3gy\u00edt\u00e1s<\/h3><\/div><div class=\"wm-content-module-element wm-html-element content\"><p>16 szakk\u00e9pzett, megb\u00edzhat\u00f3 szakorvos v\u00e1rja int\u00e9zm\u00e9ny\u00fcnkben.<\/p>\n<\/div><\/div><\/div><div class=\"wm-content-module wm-posts-wrap clearfix wm-content-module-singular\"><div class=\"wm-content-module-item wm-content-module-item-324 wm-iconbox-module has-color has-background\"><div class=\"wm-content-module-element wm-html-element image image-container font-icon\" style=\"background-color: #0771b3\"><span class=\"icon-medical-alternative\" aria-hidden=\"true\" style=\"color: #ffffff\"><\/span><span class=\"screen-reader-text\">Ter\u00e1pia<\/span><\/div><div class=\"wm-content-module-element wm-html-element title\"><h3>Ter\u00e1pia<\/h3><\/div><div class=\"wm-content-module-element wm-html-element content\"><p>Sz\u00e1mos ter\u00e1pi\u00e1s kezel\u00e9st vehet ig\u00e9nybe int\u00e9zm\u00e9ny\u00fcnkben.<\/p>\n<\/div><\/div><\/div><div class=\"wm-content-module wm-posts-wrap clearfix wm-content-module-singular\"><div class=\"wm-content-module-item wm-content-module-item-325 wm-iconbox-module has-color has-background\"><div class=\"wm-content-module-element wm-html-element image image-container font-icon\" style=\"background-color: #0769ab\"><span class=\"icon-medical-laboratory\" aria-hidden=\"true\" style=\"color: #ffffff\"><\/span><span class=\"screen-reader-text\">Labor<\/span><\/div><div class=\"wm-content-module-element wm-html-element title\"><h3>Labor<\/h3><\/div><div class=\"wm-content-module-element wm-html-element content\"><p>Mintav\u00e9teli laborat\u00f3riumunk rendk\u00edv\u00fcl r\u00f6vid el\u0151jegyz\u00e9si id\u0151vel v\u00e1rja \u00d6nt.<\/p>\n<\/div><\/div><\/div><div class=\"wm-content-module wm-posts-wrap clearfix wm-content-module-singular\"><div class=\"wm-content-module-item wm-content-module-item-1440 wm-iconbox-module has-color has-background\"><div class=\"wm-content-module-element wm-html-element image image-container font-icon\" style=\"background-color: #0762a4\"><span class=\"icon-medical-cardiology\" aria-hidden=\"true\" style=\"color: #ffffff\"><\/span><span class=\"screen-reader-text\">EFI Iroda<\/span><\/div><div class=\"wm-content-module-element wm-html-element title\"><h3>EFI Iroda<\/h3><\/div><div class=\"wm-content-module-element wm-html-element content\"><p>Eg\u00e9szs\u00e9gfejleszt\u00e9si irod\u00e1nk v\u00e1rja, a prevenci\u00f3 jegy\u00e9ben.<\/p>\n<\/div><\/div><\/div><div class=\"wm-content-module wm-posts-wrap clearfix wm-content-module-singular\"><div class=\"wm-content-module-item wm-content-module-item-1441 wm-iconbox-module has-color has-background\"><div class=\"wm-content-module-element wm-html-element image image-container font-icon\" style=\"background-color: #07599b\"><span class=\"icon-medical-intensive-care\" aria-hidden=\"true\" style=\"color: #ffffff\"><\/span><span class=\"screen-reader-text\">Nappali ell\u00e1t\u00e1s<\/span><\/div><div class=\"wm-content-module-element wm-html-element title\"><h3>Nappali ell\u00e1t\u00e1s<\/h3><\/div><div class=\"wm-content-module-element wm-html-element content\"><p>Nappali k\u00f3rh\u00e1zunk lehet\u0151s\u00e9get ny\u00fajt kezel\u00e9seinek felv\u00e9tel\u00e9re.<\/p>\n<\/div><\/div><\/div><div class=\"wm-content-module wm-posts-wrap clearfix wm-content-module-singular\"><div class=\"wm-content-module-item wm-content-module-item-1579 wm-iconbox-module\"><div class=\"wm-content-module-element wm-html-element image image-container font-icon\"><span class=\"icon-clock\" aria-hidden=\"true\"><\/span><span class=\"screen-reader-text\">Non Stop<\/span><\/div><div class=\"wm-content-module-element wm-html-element title\"><h2>Non Stop<\/h2><\/div><div class=\"wm-content-module-element wm-html-element content\"><p class=\"h1\">200<\/p>\n<p class=\"uppercase\"><strong>SZAKORVOSI \u00d3RA<\/strong><\/p>\n<p>15 szakm\u00e1ban, melyek k\u00f6z\u00f6tt biztosan megtal\u00e1lja azt, amire sz\u00fcks\u00e9ge van.<\/p>\n<\/div><\/div><\/div><div class=\"wm-content-module wm-posts-wrap clearfix wm-content-module-singular\"><div class=\"wm-content-module-item wm-content-module-item-1581 wm-iconbox-module\"><div class=\"wm-content-module-element wm-html-element image image-container font-icon\"><span class=\"icon-smile\" aria-hidden=\"true\"><\/span><span class=\"screen-reader-text\">Waiting Times<\/span><\/div><div class=\"wm-content-module-element wm-html-element title\"><h2>Waiting Times<\/h2><\/div><div class=\"wm-content-module-element wm-html-element content\"><p class=\"h1\">10<\/p>\n<p class=\"uppercase\"><strong>\u00c9V M\u0170K\u00d6D\u00c9S<\/strong><\/p>\n<p>Tapasztalt, profi szakemberekkel, az \u00d6n eg\u00e9szs\u00e9ge \u00e9rdek\u00e9ben.<\/p>\n<\/div><\/div><\/div><div class=\"wm-content-module wm-posts-wrap clearfix wm-content-module-singular\"><div class=\"wm-content-module-item wm-content-module-item-1582 wm-iconbox-module\"><div class=\"wm-content-module-element wm-html-element image image-container font-icon\"><span class=\"icon-stethoscope\" aria-hidden=\"true\"><\/span><span class=\"screen-reader-text\">Staff<\/span><\/div><div class=\"wm-content-module-element wm-html-element title\"><h2>Staff<\/h2><\/div><div class=\"wm-content-module-element wm-html-element content\"><p class=\"h1\">16<\/p>\n<p class=\"uppercase\"><strong>SZAKORVOS<\/strong><\/p>\n<p>15 szakm\u00e1ban. Profi, szakk\u00e9pzett munkat\u00e1rsaink v\u00e1rj\u00e1k \u00d6nt is.<\/p>\n<\/div><\/div><\/div><div class=\"wm-content-module wm-posts-wrap clearfix wm-content-module-singular\"><div class=\"wm-content-module-item wm-content-module-item-1584 wm-iconbox-module\"><div class=\"wm-content-module-element wm-html-element image image-container font-icon\"><span class=\"icon-medical-registration\" aria-hidden=\"true\"><\/span><span class=\"screen-reader-text\">Patients<\/span><\/div><div class=\"wm-content-module-element wm-html-element title\"><h2>Patients<\/h2><\/div><div class=\"wm-content-module-element wm-html-element content\"><p class=\"h1\">25.000+<\/p>\n<p class=\"uppercase\"><strong>EL\u00c9GEDETT P\u00c1CIENS<\/strong><\/p>\n<p>Az elm\u00falt \u00e9vek alatt. Int\u00e9zm\u00e9ny\u00fcnkben \u00d6n az els\u0151.<\/p>\n<\/div><\/div><\/div>\n\t\t\t\t<img decoding=\"async\" src=\"http:\/\/jhrendelo2.hu\/wp-content\/uploads\/2025\/04\/472721535_926735186226195_8501272458957866891_n.jpg\" alt=\"472721535_926735186226195_8501272458957866891_n\" itemprop=\"image\" title=\"472721535_926735186226195_8501272458957866891_n\" onerror=\"this.style.display='none'\" loading='lazy' \/>\n<h2>\n\t\t\tR\u00f3lunk\t<\/h2>\n<hr class=\"wm-divider type-line\" \/>\n\t<p>A j\u00e1noshalmi J\u00e1r\u00f3beteg-szakell\u00e1t\u00f3 K\u00f6zpont hat szomsz\u00e9dos telep\u00fcl\u00e9s \u00f6sszefog\u00e1s\u00e1nak eredm\u00e9nyek\u00e9ppen val\u00f3sulhatott meg, a t\u00e9rs\u00e9g eddigi egyik legkomolyabb beruh\u00e1z\u00e1sak\u00e9nt. Borota, Haj\u00f3s, K\u00e9leshalom, M\u00e9lyk\u00fat, R\u00e9m \u00e9s J\u00e1noshalma telep\u00fcl\u00e9sek vezet\u0151inek az volt a c\u00e9lja, hogy a k\u00f6rny\u00e9ken \u00e9l\u0151, \u00f6sszesen 22 ezer lakosnak megoldj\u00e1k magas sz\u00ednvonal\u00fa, \u00e9s 20 percen bel\u00fcl el\u00e9rhet\u0151 orvosi szakell\u00e1t\u00e1s\u00e1t. Kor\u00e1bban ugyanis az itt \u00e9l\u0151 embereknek ak\u00e1r t\u00f6bb \u00f3r\u00e1t is utaznia kellett az\u00e9rt, hogy megfelel\u0151 orvosi kezel\u00e9st kaphassanak. Az int\u00e9zm\u00e9ny mind \u00e9p\u00edt\u00e9szeti, mind eszk\u00f6z oldali megk\u00f6zel\u00edt\u00e9sb\u0151l a legkorszer\u0171bbnek mondhat\u00f3, \u00e9s az \u00e9p\u00fclet teljes k\u00f6r\u0171 akad\u00e1lymentes\u00edt\u00e9ssel \u00e9p\u00fclt meg.<\/p>\n\t\t\t<a href=\"\" target=\"_self\">\n\t\t\t\t\t\tKapcsolatfelv\u00e9tel\n\t\t\t\t\t<\/a>\n\n","protected":false},"excerpt":{"rendered":"<div class=\"entry-summary\">\n<div class=\"entry-summary\">\n25.000+ EL\u00c9GEDETT P\u00c1CIENS Az elm\u00falt \u00e9vek alatt. Int\u00e9zm\u00e9ny\u00fcnkben \u00d6n az els\u0151.\n<\/div>\n<\/div>\n","protected":false},"author":1,"featured_media":0,"parent":0,"menu_order":1,"comment_status":"closed","ping_status":"closed","template":"templates\/no-title.php","meta":{"footnotes":""},"class_list":["post-1882","page","type-page","status-publish","hentry","entry"],"_links":{"self":[{"href":"https:\/\/janoshalma-rendelo.hu\/index.php?rest_route=\/wp\/v2\/pages\/1882","targetHints":{"allow":["GET"]}}],"collection":[{"href":"https:\/\/janoshalma-rendelo.hu\/index.php?rest_route=\/wp\/v2\/pages"}],"about":[{"href":"https:\/\/janoshalma-rendelo.hu\/index.php?rest_route=\/wp\/v2\/types\/page"}],"author":[{"embeddable":true,"href":"https:\/\/janoshalma-rendelo.hu\/index.php?rest_route=\/wp\/v2\/users\/1"}],"replies":[{"embeddable":true,"href":"https:\/\/janoshalma-rendelo.hu\/index.php?rest_route=%2Fwp%2Fv2%2Fcomments&post=1882"}],"version-history":[{"count":15,"href":"https:\/\/janoshalma-rendelo.hu\/index.php?rest_route=\/wp\/v2\/pages\/1882\/revisions"}],"predecessor-version":[{"id":2054,"href":"https:\/\/janoshalma-rendelo.hu\/index.php?rest_route=\/wp\/v2\/pages\/1882\/revisions\/2054"}],"wp:attachment":[{"href":"https:\/\/janoshalma-rendelo.hu\/index.php?rest_route=%2Fwp%2Fv2%2Fmedia&parent=1882"}],"curies":[{"name":"wp","href":"https:\/\/api.w.org\/{rel}","templated":true}]}}